{"id":11095,"date":"2021-05-05T10:00:20","date_gmt":"2021-05-05T08:00:20","guid":{"rendered":"http:\/\/rifetheme.com\/unicorn\/?page_id=11095"},"modified":"2024-11-16T09:36:50","modified_gmt":"2024-11-16T08:36:50","slug":"die-laendle-nussknacker","status":"publish","type":"page","link":"https:\/\/www.hofnuss.at\/WP\/die-laendle-nussknacker\/","title":{"rendered":"\u00dcber uns"},"content":{"rendered":"\t\t<div data-elementor-type=\"wp-post\" data-elementor-id=\"11095\" class=\"elementor elementor-11095\">\n\t\t\t\t\t\t<section class=\"elementor-section elementor-top-section elementor-element elementor-element-6962e2f0 elementor-section-stretched elementor-section-boxed elementor-section-height-default elementor-section-height-default\" data-id=\"6962e2f0\" data-element_type=\"section\" data-e-type=\"section\" data-settings=\"{&quot;stretch_section&quot;:&quot;section-stretched&quot;,&quot;background_background&quot;:&quot;classic&quot;}\">\n\t\t\t\t\t\t\t<div class=\"elementor-background-overlay\"><\/div>\n\t\t\t\t\t\t\t<div class=\"elementor-container elementor-column-gap-default\">\n\t\t\t\t\t<div class=\"elementor-column elementor-col-100 elementor-top-column elementor-element elementor-element-513d0c2\" data-id=\"513d0c2\" data-element_type=\"column\" data-e-type=\"column\">\n\t\t\t<div class=\"elementor-widget-wrap elementor-element-populated\">\n\t\t\t\t\t\t<div class=\"elementor-element elementor-element-15cdacec elementor-widget elementor-widget-heading\" data-id=\"15cdacec\" data-element_type=\"widget\" data-e-type=\"widget\" data-widget_type=\"heading.default\">\n\t\t\t\t<div class=\"elementor-widget-container\">\n\t\t\t\t\t<h1 class=\"elementor-heading-title elementor-size-default\">Regionale Waln\u00fcsse<\/h1>\t\t\t\t<\/div>\n\t\t\t\t<\/div>\n\t\t\t\t<section class=\"elementor-section elementor-inner-section elementor-element elementor-element-ec2745f elementor-section-boxed elementor-section-height-default elementor-section-height-default\" data-id=\"ec2745f\" data-element_type=\"section\" data-e-type=\"section\">\n\t\t\t\t\t\t<div class=\"elementor-container elementor-column-gap-default\">\n\t\t\t\t\t<div class=\"elementor-column elementor-col-100 elementor-inner-column elementor-element elementor-element-98069c4\" data-id=\"98069c4\" data-element_type=\"column\" data-e-type=\"column\">\n\t\t\t<div class=\"elementor-widget-wrap elementor-element-populated\">\n\t\t\t\t\t\t<div class=\"elementor-element elementor-element-b64cff3 elementor-widget elementor-widget-heading\" data-id=\"b64cff3\" data-element_type=\"widget\" data-e-type=\"widget\" data-widget_type=\"heading.default\">\n\t\t\t\t<div class=\"elementor-widget-container\">\n\t\t\t\t\t<span class=\"elementor-heading-title elementor-size-default\">Waln\u00fcsse sind lecker und gesund, meistens im Handel aber von \u00dcbersee. \n<p>\nDas wollen wir \u00e4ndern.<\/span>\t\t\t\t<\/div>\n\t\t\t\t<\/div>\n\t\t\t\t\t<\/div>\n\t\t<\/div>\n\t\t\t\t\t<\/div>\n\t\t<\/section>\n\t\t\t\t\t<\/div>\n\t\t<\/div>\n\t\t\t\t\t<\/div>\n\t\t<\/section>\n\t\t\t\t<section class=\"elementor-section elementor-top-section elementor-element elementor-element-7dcd9bae elementor-section-stretched elementor-section-boxed elementor-section-height-default elementor-section-height-default\" data-id=\"7dcd9bae\" data-element_type=\"section\" data-e-type=\"section\" data-settings=\"{&quot;stretch_section&quot;:&quot;section-stretched&quot;}\">\n\t\t\t\t\t\t<div class=\"elementor-container elementor-column-gap-default\">\n\t\t\t\t\t<div class=\"elementor-column elementor-col-100 elementor-top-column elementor-element elementor-element-27f80cb5\" data-id=\"27f80cb5\" data-element_type=\"column\" data-e-type=\"column\">\n\t\t\t<div class=\"elementor-widget-wrap elementor-element-populated\">\n\t\t\t\t\t\t<section class=\"elementor-section elementor-inner-section elementor-element elementor-element-601a9749 elementor-section-boxed elementor-section-height-default elementor-section-height-default\" data-id=\"601a9749\" data-element_type=\"section\" data-e-type=\"section\">\n\t\t\t\t\t\t<div class=\"elementor-container elementor-column-gap-default\">\n\t\t\t\t\t<div class=\"elementor-column elementor-col-100 elementor-inner-column elementor-element elementor-element-5d1d92fc\" data-id=\"5d1d92fc\" data-element_type=\"column\" data-e-type=\"column\">\n\t\t\t<div class=\"elementor-widget-wrap elementor-element-populated\">\n\t\t\t\t\t\t<div class=\"elementor-element elementor-element-5505d9e0 elementor-widget elementor-widget-heading\" data-id=\"5505d9e0\" data-element_type=\"widget\" data-e-type=\"widget\" data-widget_type=\"heading.default\">\n\t\t\t\t<div class=\"elementor-widget-container\">\n\t\t\t\t\t<span class=\"elementor-heading-title elementor-size-medium\">Wir f\u00f6rdern regional und nachhaltig verf\u00fcgbare Waln\u00fcsse\n<p>\n<\/p><ul>\n<li>durch die Bewirtschaftung einer eigenen Walnussplantage in Vorarlberg<br><\/li>\n<li>durch den Ankauf von N\u00fcssen aus nahegelegenen Plantagen<\/li>\n<li>durch eine eigene Verarbeitungsanlage f\u00fcr Waln\u00fcsse<\/li>\n<li>durch die Unterst\u00fctzung beim Aufbau von Walnussplantagen<\/li><br>\n<\/ul>\n <p><\/p>\nUnterst\u00fctzen auch Sie die regionale Verf\u00fcgbarkeit von Waln\u00fcssen durch\n<p>\n<\/p><ul>\n<li>das Pflanzen von Walnussb\u00e4umen<\/li>\n<li>den Kauf von Hofnuss Produkten<\/li>\n<\/ul>\n<p><\/p>\n<\/span>\t\t\t\t<\/div>\n\t\t\t\t<\/div>\n\t\t\t\t\t<\/div>\n\t\t<\/div>\n\t\t\t\t\t<\/div>\n\t\t<\/section>\n\t\t\t\t<section class=\"elementor-section elementor-inner-section elementor-element elementor-element-c2fb9c4 elementor-section-boxed elementor-section-height-default elementor-section-height-default\" data-id=\"c2fb9c4\" data-element_type=\"section\" data-e-type=\"section\">\n\t\t\t\t\t\t<div class=\"elementor-container elementor-column-gap-narrow\">\n\t\t\t\t\t<div class=\"elementor-column elementor-col-100 elementor-inner-column elementor-element elementor-element-f8600d6\" data-id=\"f8600d6\" data-element_type=\"column\" data-e-type=\"column\">\n\t\t\t<div class=\"elementor-widget-wrap elementor-element-populated\">\n\t\t\t\t\t\t<div class=\"elementor-element elementor-element-d1bbf84 elementor-widget elementor-widget-heading\" data-id=\"d1bbf84\" data-element_type=\"widget\" data-e-type=\"widget\" data-widget_type=\"heading.default\">\n\t\t\t\t<div class=\"elementor-widget-container\">\n\t\t\t\t\t<h2 class=\"elementor-heading-title elementor-size-default\">\u00dcbrigens: wir, das sind...<\/h2>\t\t\t\t<\/div>\n\t\t\t\t<\/div>\n\t\t\t\t\t<\/div>\n\t\t<\/div>\n\t\t\t\t\t<\/div>\n\t\t<\/section>\n\t\t\t\t<section class=\"elementor-section elementor-inner-section elementor-element elementor-element-2953594 elementor-section-boxed elementor-section-height-default elementor-section-height-default\" data-id=\"2953594\" data-element_type=\"section\" data-e-type=\"section\">\n\t\t\t\t\t\t<div class=\"elementor-container elementor-column-gap-default\">\n\t\t\t\t\t<div class=\"elementor-column elementor-col-50 elementor-inner-column elementor-element elementor-element-6e818d6\" data-id=\"6e818d6\" data-element_type=\"column\" data-e-type=\"column\">\n\t\t\t<div class=\"elementor-widget-wrap elementor-element-populated\">\n\t\t\t\t\t\t<div class=\"elementor-element elementor-element-db9c109 elementor-widget elementor-widget-image\" data-id=\"db9c109\" data-element_type=\"widget\" data-e-type=\"widget\" data-widget_type=\"image.default\">\n\t\t\t\t<div class=\"elementor-widget-container\">\n\t\t\t\t\t\t\t\t\t\t\t\t<figure class=\"wp-caption\">\n\t\t\t\t\t\t\t\t\t\t<img fetchpriority=\"high\" decoding=\"async\" width=\"1024\" height=\"683\" src=\"https:\/\/www.hofnuss.at\/WP\/wp-content\/uploads\/2021\/05\/Hofnuss-37-1024x683.jpg\" class=\"attachment-large size-large wp-image-11700\" alt=\"\" srcset=\"https:\/\/www.hofnuss.at\/WP\/wp-content\/uploads\/2021\/05\/Hofnuss-37-1024x683.jpg 1024w, https:\/\/www.hofnuss.at\/WP\/wp-content\/uploads\/2021\/05\/Hofnuss-37-300x200.jpg 300w, https:\/\/www.hofnuss.at\/WP\/wp-content\/uploads\/2021\/05\/Hofnuss-37-768x512.jpg 768w, https:\/\/www.hofnuss.at\/WP\/wp-content\/uploads\/2021\/05\/Hofnuss-37-1536x1024.jpg 1536w, https:\/\/www.hofnuss.at\/WP\/wp-content\/uploads\/2021\/05\/Hofnuss-37-2048x1365.jpg 2048w\" sizes=\"(max-width: 1024px) 100vw, 1024px\" \/>\t\t\t\t\t\t\t\t\t\t\t<figcaption class=\"widget-image-caption wp-caption-text\">Reinhard Ofner<\/figcaption>\n\t\t\t\t\t\t\t\t\t\t<\/figure>\n\t\t\t\t\t\t\t\t\t<\/div>\n\t\t\t\t<\/div>\n\t\t\t\t\t<\/div>\n\t\t<\/div>\n\t\t\t\t<div class=\"elementor-column elementor-col-50 elementor-inner-column elementor-element elementor-element-d2d3ac9\" data-id=\"d2d3ac9\" data-element_type=\"column\" data-e-type=\"column\">\n\t\t\t<div class=\"elementor-widget-wrap elementor-element-populated\">\n\t\t\t\t\t\t<div class=\"elementor-element elementor-element-be8c185 elementor-widget elementor-widget-image\" data-id=\"be8c185\" data-element_type=\"widget\" data-e-type=\"widget\" data-widget_type=\"image.default\">\n\t\t\t\t<div class=\"elementor-widget-container\">\n\t\t\t\t\t\t\t\t\t\t\t\t<figure class=\"wp-caption\">\n\t\t\t\t\t\t\t\t\t\t<img decoding=\"async\" width=\"1024\" height=\"683\" src=\"https:\/\/www.hofnuss.at\/WP\/wp-content\/uploads\/2021\/05\/Hofnuss-21-1024x683.jpg\" class=\"attachment-large size-large wp-image-11701\" alt=\"\" srcset=\"https:\/\/www.hofnuss.at\/WP\/wp-content\/uploads\/2021\/05\/Hofnuss-21-1024x683.jpg 1024w, https:\/\/www.hofnuss.at\/WP\/wp-content\/uploads\/2021\/05\/Hofnuss-21-300x200.jpg 300w, https:\/\/www.hofnuss.at\/WP\/wp-content\/uploads\/2021\/05\/Hofnuss-21-768x512.jpg 768w, https:\/\/www.hofnuss.at\/WP\/wp-content\/uploads\/2021\/05\/Hofnuss-21-1536x1024.jpg 1536w, https:\/\/www.hofnuss.at\/WP\/wp-content\/uploads\/2021\/05\/Hofnuss-21-2048x1365.jpg 2048w\" sizes=\"(max-width: 1024px) 100vw, 1024px\" \/>\t\t\t\t\t\t\t\t\t\t\t<figcaption class=\"widget-image-caption wp-caption-text\">Christian H\u00e4mmerle<\/figcaption>\n\t\t\t\t\t\t\t\t\t\t<\/figure>\n\t\t\t\t\t\t\t\t\t<\/div>\n\t\t\t\t<\/div>\n\t\t\t\t\t<\/div>\n\t\t<\/div>\n\t\t\t\t\t<\/div>\n\t\t<\/section>\n\t\t\t\t\t<\/div>\n\t\t<\/div>\n\t\t\t\t\t<\/div>\n\t\t<\/section>\n\t\t\t\t<\/div>\n\t\t","protected":false},"excerpt":{"rendered":"<p>Regionale Waln\u00fcsse Waln\u00fcsse sind lecker und gesund, meistens im Handel aber von \u00dcbersee. Das wollen wir \u00e4ndern. Wir f\u00f6rdern regional und nachhaltig verf\u00fcgbare Waln\u00fcsse durch die Bewirtschaftung einer eigenen Walnussplantage in Vorarlberg durch den Ankauf von N\u00fcssen aus nahegelegenen Plantagen durch eine eigene Verarbeitungsanlage f\u00fcr Waln\u00fcsse durch die Unterst\u00fctzung beim Aufbau von Walnussplantagen Unterst\u00fctzen auch [&hellip;]<\/p>\n","protected":false},"author":1,"featured_media":0,"parent":0,"menu_order":0,"comment_status":"closed","ping_status":"closed","template":"","meta":{"_acf_changed":false,"footnotes":""},"class_list":["post-11095","page","type-page","status-publish","hentry"],"acf":[],"_links":{"self":[{"href":"https:\/\/www.hofnuss.at\/WP\/wp-json\/wp\/v2\/pages\/11095","targetHints":{"allow":["GET"]}}],"collection":[{"href":"https:\/\/www.hofnuss.at\/WP\/wp-json\/wp\/v2\/pages"}],"about":[{"href":"https:\/\/www.hofnuss.at\/WP\/wp-json\/wp\/v2\/types\/page"}],"author":[{"embeddable":true,"href":"https:\/\/www.hofnuss.at\/WP\/wp-json\/wp\/v2\/users\/1"}],"replies":[{"embeddable":true,"href":"https:\/\/www.hofnuss.at\/WP\/wp-json\/wp\/v2\/comments?post=11095"}],"version-history":[{"count":6,"href":"https:\/\/www.hofnuss.at\/WP\/wp-json\/wp\/v2\/pages\/11095\/revisions"}],"predecessor-version":[{"id":12347,"href":"https:\/\/www.hofnuss.at\/WP\/wp-json\/wp\/v2\/pages\/11095\/revisions\/12347"}],"wp:attachment":[{"href":"https:\/\/www.hofnuss.at\/WP\/wp-json\/wp\/v2\/media?parent=11095"}],"curies":[{"name":"wp","href":"https:\/\/api.w.org\/{rel}","templated":true}]}}