{"id":11610,"date":"2021-05-05T09:37:37","date_gmt":"2021-05-05T07:37:37","guid":{"rendered":"http:\/\/www.hofnuss.at\/WP\/?page_id=11610"},"modified":"2026-03-02T21:23:27","modified_gmt":"2026-03-02T20:23:27","slug":"faq","status":"publish","type":"page","link":"https:\/\/www.hofnuss.at\/WP\/faq\/","title":{"rendered":"FAQ"},"content":{"rendered":"\t\t<div data-elementor-type=\"wp-post\" data-elementor-id=\"11610\" class=\"elementor elementor-11610\">\n\t\t\t\t\t\t<section class=\"elementor-section elementor-top-section elementor-element elementor-element-bcec401 elementor-section-stretched elementor-section-boxed elementor-section-height-default elementor-section-height-default\" data-id=\"bcec401\" data-element_type=\"section\" data-e-type=\"section\" id=\"home\" data-settings=\"{&quot;stretch_section&quot;:&quot;section-stretched&quot;,&quot;background_background&quot;:&quot;classic&quot;}\">\n\t\t\t\t\t\t\t<div class=\"elementor-background-overlay\"><\/div>\n\t\t\t\t\t\t\t<div class=\"elementor-container elementor-column-gap-default\">\n\t\t\t\t\t<div class=\"elementor-column elementor-col-100 elementor-top-column elementor-element elementor-element-52a7eaf\" data-id=\"52a7eaf\" data-element_type=\"column\" data-e-type=\"column\">\n\t\t\t<div class=\"elementor-widget-wrap elementor-element-populated\">\n\t\t\t\t\t\t<section class=\"elementor-section elementor-inner-section elementor-element elementor-element-9908a66 elementor-section-boxed elementor-section-height-default elementor-section-height-default\" data-id=\"9908a66\" data-element_type=\"section\" data-e-type=\"section\">\n\t\t\t\t\t\t<div class=\"elementor-container elementor-column-gap-no\">\n\t\t\t\t\t<div class=\"elementor-column elementor-col-100 elementor-inner-column elementor-element elementor-element-c15832f\" data-id=\"c15832f\" data-element_type=\"column\" data-e-type=\"column\">\n\t\t\t<div class=\"elementor-widget-wrap elementor-element-populated\">\n\t\t\t\t\t\t<div class=\"elementor-element elementor-element-6321989 elementor-widget elementor-widget-heading\" data-id=\"6321989\" data-element_type=\"widget\" data-e-type=\"widget\" data-widget_type=\"heading.default\">\n\t\t\t\t<div class=\"elementor-widget-container\">\n\t\t\t\t\t<span class=\"elementor-heading-title elementor-size-large\">FAQ<\/span>\t\t\t\t<\/div>\n\t\t\t\t<\/div>\n\t\t\t\t\t<\/div>\n\t\t<\/div>\n\t\t\t\t\t<\/div>\n\t\t<\/section>\n\t\t\t\t<div class=\"elementor-element elementor-element-3a2a2a4 elementor-widget elementor-widget-spacer\" data-id=\"3a2a2a4\" data-element_type=\"widget\" data-e-type=\"widget\" data-widget_type=\"spacer.default\">\n\t\t\t\t<div class=\"elementor-widget-container\">\n\t\t\t\t\t\t\t<div class=\"elementor-spacer\">\n\t\t\t<div class=\"elementor-spacer-inner\"><\/div>\n\t\t<\/div>\n\t\t\t\t\t\t<\/div>\n\t\t\t\t<\/div>\n\t\t\t\t\t<\/div>\n\t\t<\/div>\n\t\t\t\t\t<\/div>\n\t\t<\/section>\n\t\t\t\t<section class=\"elementor-section elementor-top-section elementor-element elementor-element-819316f elementor-section-stretched elementor-section-boxed elementor-section-height-default elementor-section-height-default\" data-id=\"819316f\" data-element_type=\"section\" data-e-type=\"section\" data-settings=\"{&quot;stretch_section&quot;:&quot;section-stretched&quot;}\">\n\t\t\t\t\t\t<div class=\"elementor-container elementor-column-gap-default\">\n\t\t\t\t\t<div class=\"elementor-column elementor-col-100 elementor-top-column elementor-element elementor-element-4cc357c\" data-id=\"4cc357c\" data-element_type=\"column\" data-e-type=\"column\">\n\t\t\t<div class=\"elementor-widget-wrap elementor-element-populated\">\n\t\t\t\t\t\t<div class=\"elementor-element elementor-element-ea502a4 elementor-widget elementor-widget-spacer\" data-id=\"ea502a4\" data-element_type=\"widget\" data-e-type=\"widget\" data-widget_type=\"spacer.default\">\n\t\t\t\t<div class=\"elementor-widget-container\">\n\t\t\t\t\t\t\t<div class=\"elementor-spacer\">\n\t\t\t<div class=\"elementor-spacer-inner\"><\/div>\n\t\t<\/div>\n\t\t\t\t\t\t<\/div>\n\t\t\t\t<\/div>\n\t\t\t\t<div class=\"elementor-element elementor-element-d6e52ae elementor-widget elementor-widget-heading\" data-id=\"d6e52ae\" data-element_type=\"widget\" data-e-type=\"widget\" data-widget_type=\"heading.default\">\n\t\t\t\t<div class=\"elementor-widget-container\">\n\t\t\t\t\t<h2 class=\"elementor-heading-title elementor-size-default\">FAQ<\/h2>\t\t\t\t<\/div>\n\t\t\t\t<\/div>\n\t\t\t\t<section class=\"elementor-section elementor-inner-section elementor-element elementor-element-26e7c23 elementor-section-boxed elementor-section-height-default elementor-section-height-default\" data-id=\"26e7c23\" data-element_type=\"section\" data-e-type=\"section\">\n\t\t\t\t\t\t<div class=\"elementor-container elementor-column-gap-no\">\n\t\t\t\t\t<div class=\"elementor-column elementor-col-100 elementor-inner-column elementor-element elementor-element-5b62075\" data-id=\"5b62075\" data-element_type=\"column\" data-e-type=\"column\">\n\t\t\t<div class=\"elementor-widget-wrap elementor-element-populated\">\n\t\t\t\t\t\t<div class=\"elementor-element elementor-element-a473ddb elementor-widget elementor-widget-heading\" data-id=\"a473ddb\" data-element_type=\"widget\" data-e-type=\"widget\" data-widget_type=\"heading.default\">\n\t\t\t\t<div class=\"elementor-widget-container\">\n\t\t\t\t\t<span class=\"elementor-heading-title elementor-size-default\">Fragen zum Thema Walnuss und zu unseren <\/br>Leistungen und Produkten werden hier behandelt.<\/span>\t\t\t\t<\/div>\n\t\t\t\t<\/div>\n\t\t\t\t\t<\/div>\n\t\t<\/div>\n\t\t\t\t\t<\/div>\n\t\t<\/section>\n\t\t\t\t\t<\/div>\n\t\t<\/div>\n\t\t\t\t\t<\/div>\n\t\t<\/section>\n\t\t\t\t<section class=\"elementor-section elementor-top-section elementor-element elementor-element-30bfe23 elementor-section-stretched elementor-section-boxed elementor-section-height-default elementor-section-height-default\" data-id=\"30bfe23\" data-element_type=\"section\" data-e-type=\"section\" data-settings=\"{&quot;stretch_section&quot;:&quot;section-stretched&quot;}\">\n\t\t\t\t\t\t<div class=\"elementor-container elementor-column-gap-default\">\n\t\t\t\t\t<div class=\"elementor-column elementor-col-100 elementor-top-column elementor-element elementor-element-f27bbe6\" data-id=\"f27bbe6\" data-element_type=\"column\" data-e-type=\"column\">\n\t\t\t<div class=\"elementor-widget-wrap elementor-element-populated\">\n\t\t\t\t\t\t<section class=\"elementor-section elementor-inner-section elementor-element elementor-element-aba3236 elementor-section-boxed elementor-section-height-default elementor-section-height-default\" data-id=\"aba3236\" data-element_type=\"section\" data-e-type=\"section\">\n\t\t\t\t\t\t<div class=\"elementor-container elementor-column-gap-default\">\n\t\t\t\t\t<div class=\"elementor-column elementor-col-33 elementor-inner-column elementor-element elementor-element-c8c9f02\" data-id=\"c8c9f02\" data-element_type=\"column\" data-e-type=\"column\">\n\t\t\t<div class=\"elementor-widget-wrap elementor-element-populated\">\n\t\t\t\t\t\t<div class=\"elementor-element elementor-element-15eac00 elementor-position-inline-start elementor-view-default elementor-mobile-position-block-start elementor-widget elementor-widget-icon-box\" data-id=\"15eac00\" data-element_type=\"widget\" data-e-type=\"widget\" data-widget_type=\"icon-box.default\">\n\t\t\t\t<div class=\"elementor-widget-container\">\n\t\t\t\t\t\t\t<div class=\"elementor-icon-box-wrapper\">\n\n\t\t\t\t\t\t<div class=\"elementor-icon-box-icon\">\n\t\t\t\t<span  class=\"elementor-icon\">\n\t\t\t\t<i aria-hidden=\"true\" class=\"far fa-question-circle\"><\/i>\t\t\t\t<\/span>\n\t\t\t<\/div>\n\t\t\t\n\t\t\t\t\t\t<div class=\"elementor-icon-box-content\">\n\n\t\t\t\t\t\t\t\t\t<div class=\"elementor-icon-box-title\">\n\t\t\t\t\t\t<span  >\n\t\t\t\t\t\t\tWie funktioniert der maschinelle Knackvorgang f\u00fcr waln\u00fcsse?\t\t\t\t\t\t<\/span>\n\t\t\t\t\t<\/div>\n\t\t\t\t\n\t\t\t\t\t\t\t\t\t<p class=\"elementor-icon-box-description\">\n\t\t\t\t\t\t\n        <p>Damit Waln\u00fcsse optimal maschinell verarbeitet werden k\u00f6nnen, durchlaufen sie einen standardisierten Prozess. Hier sind die technischen Rahmenbedingungen f\u00fcr ein bestm\u00f6gliches Ergebnis:<\/p>\n<ol>\n        <li>Vorbereitung des Materials\n        <p>\n            Die Effizienz des Knackens h\u00e4ngt ma\u00dfgeblich von der Beschaffenheit der N\u00fcsse ab. F\u00fcr ein sauberes Ergebnis m\u00fcssen die N\u00fcsse <strong>getrocknet und sauber<\/strong> sein. \n            Das Kaliber sollte im Bereich zwischen <strong>2,5 cm und 4 cm<\/strong> liegen. Idealerweise erfolgt vorab eine Sortierung nach Gr\u00f6\u00dfe, da die Walzen der Knackmaschine \n            auf einen bestimmten Durchmesser eingestellt werden. Bei gemischten Gr\u00f6\u00dfen werden kleine N\u00fcsse oft nicht erfasst oder die Kerne gr\u00f6\u00dferer N\u00fcsse st\u00e4rker beansprucht.<\/li>\n        <\/p>\n\n        <li>Der Knack- und Trennprozess\n        <p>\n            Nach dem eigentlichen Knackvorgang sorgt ein integrierter <strong>Windsichter<\/strong> daf\u00fcr, dass ca. 50 % der Schalenteile automatisch durch Luftstrom \n            aussortiert werden. Eine einfache Faustregel f\u00fcr die Maschineneignung: Wenn sich der Kern bereits von Hand leicht aus der Schale l\u00f6sen l\u00e4sst, erzielt \n            auch die Maschine ein hochwertiges Ergebnis mit einem hohen Anteil an intakten Kernen.\n        <\/p>\n<\/li>\n        <li>Manuelle Nachbearbeitung\n        <p>\n            Da die maschinelle Trennung durch den Windsichter systembedingt nur einen Teil der Schalen erfasst, ist im Nachgang eine \n            <strong>sorgf\u00e4ltige Sortierung von Hand<\/strong> erforderlich. Hierbei werden die verbliebenen Schalenreste sowie Trennh\u00e4utchen vollst\u00e4ndig \n            von den Kernen entfernt, um die gew\u00fcnschte Reinheit des Endprodukts zu gew\u00e4hrleisten.\n<\/li>\n        <\/p>\n<\/ol>\t\t\t\t\t<\/p>\n\t\t\t\t\n\t\t\t<\/div>\n\t\t\t\n\t\t<\/div>\n\t\t\t\t\t\t<\/div>\n\t\t\t\t<\/div>\n\t\t\t\t\t<\/div>\n\t\t<\/div>\n\t\t\t\t<div class=\"elementor-column elementor-col-33 elementor-inner-column elementor-element elementor-element-6476de9\" data-id=\"6476de9\" data-element_type=\"column\" data-e-type=\"column\">\n\t\t\t<div class=\"elementor-widget-wrap elementor-element-populated\">\n\t\t\t\t\t\t<div class=\"elementor-element elementor-element-81e28ad elementor-position-inline-start elementor-view-default elementor-mobile-position-block-start elementor-widget elementor-widget-icon-box\" data-id=\"81e28ad\" data-element_type=\"widget\" data-e-type=\"widget\" data-widget_type=\"icon-box.default\">\n\t\t\t\t<div class=\"elementor-widget-container\">\n\t\t\t\t\t\t\t<div class=\"elementor-icon-box-wrapper\">\n\n\t\t\t\t\t\t<div class=\"elementor-icon-box-icon\">\n\t\t\t\t<span  class=\"elementor-icon\">\n\t\t\t\t<i aria-hidden=\"true\" class=\"far fa-question-circle\"><\/i>\t\t\t\t<\/span>\n\t\t\t<\/div>\n\t\t\t\n\t\t\t\t\t\t<div class=\"elementor-icon-box-content\">\n\n\t\t\t\t\t\t\t\t\t<div class=\"elementor-icon-box-title\">\n\t\t\t\t\t\t<span  >\n\t\t\t\t\t\t\tWarum knackt Ihr die Walnuss selber?\t\t\t\t\t\t<\/span>\n\t\t\t\t\t<\/div>\n\t\t\t\t\n\t\t\t\t\t\t\t\t\t<p class=\"elementor-icon-box-description\">\n\t\t\t\t\t\tWeit gereiste Kerne sind f\u00fcr eine lange Haltbarkeit oft geschwefelt, da diese schon geknackt werden, lange bevor sie in den Laden kommen . Au\u00dferdem werden sie gerne mit Natriumhypochlorit gebleicht, damit sie m\u00f6glichst sch\u00f6n f\u00fcr das Auge des Konsumenten sind.\n\nUnsere N\u00fcssen werden in kleinen Chargen frisch in Vorarlberg geknackt. Naturbelassene, regionale Produkte sind unser Anliegen. Unsere Kerne sind deshalb naturbelassen, frisch und haben einen geringen CO2 Fu\u00dfabdruck.\t\t\t\t\t<\/p>\n\t\t\t\t\n\t\t\t<\/div>\n\t\t\t\n\t\t<\/div>\n\t\t\t\t\t\t<\/div>\n\t\t\t\t<\/div>\n\t\t\t\t<div class=\"elementor-element elementor-element-66e21a5 elementor-position-inline-start elementor-view-default elementor-mobile-position-block-start elementor-widget elementor-widget-icon-box\" data-id=\"66e21a5\" data-element_type=\"widget\" data-e-type=\"widget\" data-widget_type=\"icon-box.default\">\n\t\t\t\t<div class=\"elementor-widget-container\">\n\t\t\t\t\t\t\t<div class=\"elementor-icon-box-wrapper\">\n\n\t\t\t\t\t\t<div class=\"elementor-icon-box-icon\">\n\t\t\t\t<span  class=\"elementor-icon\">\n\t\t\t\t<i aria-hidden=\"true\" class=\"far fa-question-circle\"><\/i>\t\t\t\t<\/span>\n\t\t\t<\/div>\n\t\t\t\n\t\t\t\t\t\t<div class=\"elementor-icon-box-content\">\n\n\t\t\t\t\t\t\t\t\t<div class=\"elementor-icon-box-title\">\n\t\t\t\t\t\t<span  >\n\t\t\t\t\t\t\tWie pflanze ich einen Walnussbaum?\t\t\t\t\t\t<\/span>\n\t\t\t\t\t<\/div>\n\t\t\t\t\n\t\t\t\t\t\t\t\t\t<p class=\"elementor-icon-box-description\">\n\t\t\t\t\t\t<ol>\n<li>W\u00e4hle einen geeigneten Standort f\u00fcr den Baum. Walnussb\u00e4ume bevorzugen einen sonnigen Standort mit gut drainierendem Boden. Vermeide Stellen, an denen sich Wasser sammelt, um Wurzelf\u00e4ule vorzubeugen.<\/li>\n\n<li>Bereite das Pflanzloch vor. Das Pflanzloch sollte etwa doppelt so breit und tief sein wie der Wurzelballen des Baums. F\u00fcge Kompost oder gute Gartenerde hinzu, um den Boden zu verbessern.<\/li>\n\n<li>Pflanze den Baum. Stelle den Baum in das Pflanzloch und verteile die Wurzeln gleichm\u00e4\u00dfig im Loch. F\u00fclle das Loch mit Erde und dr\u00fccke sie sanft um die Wurzeln herum. Abschliessend die Pflanzstelle gr\u00fcndlich einw\u00e4ssern.<\/li>\n\n<li>St\u00fctze den Baum, wenn n\u00f6tig. Wenn der Baum noch jung ist, kann es hilfreich sein, ihn mit einer Baumst\u00fctze zu unterst\u00fctzen, um ihm Halt zu geben, w\u00e4hrend er w\u00e4chst. Binde den Stamm nicht zu eng, damit der Baum frei wachsen kann.<\/li>\n\n<li>Pflege den Baum. W\u00e4hrend l\u00e4ngerer Trockenperioden k\u00f6nnen Wassergaben, vor allem bei jungen B\u00e4umen sinnvoll sein. Mulche den Boden um den Baum herum, um die Feuchtigkeit im Boden zu halten und Unkraut zu verhindern.<\/li>\n\n<\/ol>\t\t\t\t\t<\/p>\n\t\t\t\t\n\t\t\t<\/div>\n\t\t\t\n\t\t<\/div>\n\t\t\t\t\t\t<\/div>\n\t\t\t\t<\/div>\n\t\t\t\t\t<\/div>\n\t\t<\/div>\n\t\t\t\t<div class=\"elementor-column elementor-col-33 elementor-inner-column elementor-element elementor-element-0c365e7\" data-id=\"0c365e7\" data-element_type=\"column\" data-e-type=\"column\">\n\t\t\t<div class=\"elementor-widget-wrap elementor-element-populated\">\n\t\t\t\t\t\t<div class=\"elementor-element elementor-element-420eec3 elementor-position-inline-start elementor-view-default elementor-mobile-position-block-start elementor-widget elementor-widget-icon-box\" data-id=\"420eec3\" data-element_type=\"widget\" data-e-type=\"widget\" data-widget_type=\"icon-box.default\">\n\t\t\t\t<div class=\"elementor-widget-container\">\n\t\t\t\t\t\t\t<div class=\"elementor-icon-box-wrapper\">\n\n\t\t\t\t\t\t<div class=\"elementor-icon-box-icon\">\n\t\t\t\t<span  class=\"elementor-icon\">\n\t\t\t\t<i aria-hidden=\"true\" class=\"far fa-question-circle\"><\/i>\t\t\t\t<\/span>\n\t\t\t<\/div>\n\t\t\t\n\t\t\t\t\t\t<div class=\"elementor-icon-box-content\">\n\n\t\t\t\t\t\t\t\t\t<div class=\"elementor-icon-box-title\">\n\t\t\t\t\t\t<span  >\n\t\t\t\t\t\t\tWelchen Walnussbaum empfehlt ihr f\u00fcr den Hausgarten?\t\t\t\t\t\t<\/span>\n\t\t\t\t\t<\/div>\n\t\t\t\t\n\t\t\t\t\t\t\t\t\t<p class=\"elementor-icon-box-description\">\n\t\t\t\t\t\t<p>Beim Walnussbaum als Hausbaum ist der vermutlich wichtigste Faktor die Gr\u00f6sse. Und dann kommt der Ernteerfolg. Es sollten grunds\u00e4tzlich nur veredelte Sorten verwendet werden. Dieses sind prinzipiell kleiner als S\u00e4mlinge und die Nuss die geerntet wird entspricht schon gewissen Qualit\u00e4tskriterien.<\/p>\n<p>\nDie kleinste uns bekannte Walnuss Sorte ist die <i>Dwarf Karklik<\/i>. Diese Sorte wird nur 2m hoch bei 2m Durchmesser und kann sogar im Topf kultiviert werden\n<\/p>\n<p>\nDie n\u00e4chste Gr\u00f6ssenkategorie von Walnussb\u00e4umen sind sogenannte lateral tragende Sorten. Hier bewegt sich der Durchmesser bei 5-8m im ausgewachsenen Stadium. Beispiel Sorten Sind <i>Lara<\/i> oder \"Franquette<\/i><\/p>\n<p>\nDie gr\u00f6ssten Sorten sind dann die terminal tragenden sorten wie <i>Mars<\/i> oder <i>Geisenheim 26<\/i> Diese B\u00e4ume sind mit Kronendurchmesser um die 12m zu haben.<p>\n\n<p>Einfach von einer Baumschule beraten lassen oder eine vertiefende Internet-Recherche starten.<\/p>\t\t\t\t\t<\/p>\n\t\t\t\t\n\t\t\t<\/div>\n\t\t\t\n\t\t<\/div>\n\t\t\t\t\t\t<\/div>\n\t\t\t\t<\/div>\n\t\t\t\t\t<\/div>\n\t\t<\/div>\n\t\t\t\t\t<\/div>\n\t\t<\/section>\n\t\t\t\t\t<\/div>\n\t\t<\/div>\n\t\t\t\t\t<\/div>\n\t\t<\/section>\n\t\t\t\t<\/div>\n\t\t","protected":false},"excerpt":{"rendered":"<p>FAQ FAQ Fragen zum Thema Walnuss und zu unseren Leistungen und Produkten werden hier behandelt. Wie funktioniert der maschinelle Knackvorgang f\u00fcr waln\u00fcsse? Damit Waln\u00fcsse optimal maschinell verarbeitet werden k\u00f6nnen, durchlaufen sie einen standardisierten Prozess. Hier sind die technischen Rahmenbedingungen f\u00fcr ein bestm\u00f6gliches Ergebnis: Vorbereitung des Materials Die Effizienz des Knackens h\u00e4ngt ma\u00dfgeblich von der Beschaffenheit [&hellip;]<\/p>\n","protected":false},"author":1,"featured_media":10589,"parent":0,"menu_order":0,"comment_status":"closed","ping_status":"closed","template":"","meta":{"_acf_changed":false,"footnotes":""},"class_list":["post-11610","page","type-page","status-publish","has-post-thumbnail","hentry"],"acf":[],"_links":{"self":[{"href":"https:\/\/www.hofnuss.at\/WP\/wp-json\/wp\/v2\/pages\/11610","targetHints":{"allow":["GET"]}}],"collection":[{"href":"https:\/\/www.hofnuss.at\/WP\/wp-json\/wp\/v2\/pages"}],"about":[{"href":"https:\/\/www.hofnuss.at\/WP\/wp-json\/wp\/v2\/types\/page"}],"author":[{"embeddable":true,"href":"https:\/\/www.hofnuss.at\/WP\/wp-json\/wp\/v2\/users\/1"}],"replies":[{"embeddable":true,"href":"https:\/\/www.hofnuss.at\/WP\/wp-json\/wp\/v2\/comments?post=11610"}],"version-history":[{"count":39,"href":"https:\/\/www.hofnuss.at\/WP\/wp-json\/wp\/v2\/pages\/11610\/revisions"}],"predecessor-version":[{"id":12365,"href":"https:\/\/www.hofnuss.at\/WP\/wp-json\/wp\/v2\/pages\/11610\/revisions\/12365"}],"wp:featuredmedia":[{"embeddable":true,"href":"https:\/\/www.hofnuss.at\/WP\/wp-json\/"}],"wp:attachment":[{"href":"https:\/\/www.hofnuss.at\/WP\/wp-json\/wp\/v2\/media?parent=11610"}],"curies":[{"name":"wp","href":"https:\/\/api.w.org\/{rel}","templated":true}]}}